{"id":2,"date":"2021-02-15T12:21:32","date_gmt":"2021-02-15T11:21:32","guid":{"rendered":"https:\/\/innominandum.de\/?page_id=2"},"modified":"2022-09-19T17:01:48","modified_gmt":"2022-09-19T15:01:48","slug":"beispiel-seite","status":"publish","type":"page","link":"https:\/\/innominandum.de\/","title":{"rendered":"The worms&#8230;"},"content":{"rendered":"\n<h2 class=\"wp-block-heading\">&#8230;are back in town!<\/h2>\n\n\n\n<p>Kompromissloser, rotziger und schmutziger Action- Rock, so wie es sein soll und worauf Ihr immer gewartet habt. Ob in d\u00fcsteren Kellern auf brennenden B\u00fchnen oder im Proberaum. Wir bieten Euch das, was Eure Eltern Euch fr\u00fcher verboten haben. Wir lieben das was wir tun und das kann man h\u00f6ren und sehen. Keine halben Sachen!<\/p>\n\n\n\n<p>&#8218;Rock&#8217;n&#8217;Roll mit einem Augenzwinkern&#8216; lautet das Motto unserer Band Innominandum. Besonders live merkt man, dass es um Musik geht, die nach vorne geht und Spa\u00df machen soll. Egal ob im Proberaum oder vor Publikum &#8211; wir geben immer alles und haben selbst einfach Bock auf unsere Songs.<\/p>\n\n\n\n<p>Feel the bombastic Boost!<\/p>\n\n\n<div class=\"foogallery foogallery-container foogallery-thumbnail foogallery-single-thumbnail foogallery-lightbox-foobox fg-center fg-thumbnail fg-ready fg-dark fg-loading-default fg-loaded-fade-in fg-caption-hover fg-hover-fade fg-hover-zoom\" id=\"foogallery-gallery-187\" data-foogallery=\"{&quot;item&quot;:{&quot;showCaptionTitle&quot;:false,&quot;showCaptionDescription&quot;:false},&quot;lazy&quot;:true}\" style=\"--fg-title-line-clamp: 0; --fg-description-line-clamp: 0;\" >\n    <div class=\"fg-item fg-type-image fg-idle\"><figure class=\"fg-item-inner\"><a href=\"https:\/\/innominandum.de\/wp-content\/uploads\/2021\/02\/P1000613-2016_10_10-16_00_54-UTC-scaled.jpg\" data-attachment-id=\"180\" rel=\"lightbox[187]\" data-type=\"image\" class=\"fg-thumb\"><span class=\"fg-image-wrap\"><img width=\"9999\" class=\"skip-lazy fg-image\" data-src-fg=\"https:\/\/innominandum.de\/wp-content\/uploads\/2021\/02\/P1000613-2016_10_10-16_00_54-UTC-scaled.jpg\" loading=\"eager\"><\/span><span class=\"fg-image-overlay\"><\/span><\/a><\/figure><div class=\"fg-loader\"><\/div><\/div>        <div class=\"fg-st-hidden\">\n        <div class=\"fg-item fg-type-image fg-idle\"><figure class=\"fg-item-inner\"><a href=\"https:\/\/innominandum.de\/wp-content\/uploads\/2021\/02\/60A0844-scaled.jpg\" data-attachment-id=\"230\" rel=\"lightbox[187]\" data-type=\"image\" class=\"fg-thumb\"><span class=\"fg-image-wrap\"><img decoding=\"async\" width=\"9999\" height=\"6667.30195313\" class=\"skip-lazy fg-image\" data-src-fg=\"https:\/\/innominandum.de\/wp-content\/uploads\/2021\/02\/60A0844-scaled.jpg\" src=\"data:image\/svg+xml,%3Csvg%20xmlns%3D%22http%3A%2F%2Fwww.w3.org%2F2000%2Fsvg%22%20width%3D%229999%22%20height%3D%226667.30195313%22%20viewBox%3D%220%200%209999%206667.30195313%22%3E%3C%2Fsvg%3E\" loading=\"eager\"><\/span><span class=\"fg-image-overlay\"><\/span><\/a><\/figure><div class=\"fg-loader\"><\/div><\/div><div class=\"fg-item fg-type-image fg-idle\"><figure class=\"fg-item-inner\"><a href=\"https:\/\/innominandum.de\/wp-content\/uploads\/2021\/02\/IMG_0637-2015_09_02-14_20_14-UTC-scaled.jpg\" data-attachment-id=\"176\" rel=\"lightbox[187]\" data-type=\"image\" class=\"fg-thumb\"><span class=\"fg-image-wrap\"><img decoding=\"async\" width=\"9999\" height=\"7499.25\" class=\"skip-lazy fg-image\" data-src-fg=\"https:\/\/innominandum.de\/wp-content\/uploads\/2021\/02\/IMG_0637-2015_09_02-14_20_14-UTC-scaled.jpg\" src=\"data:image\/svg+xml,%3Csvg%20xmlns%3D%22http%3A%2F%2Fwww.w3.org%2F2000%2Fsvg%22%20width%3D%229999%22%20height%3D%227499.25%22%20viewBox%3D%220%200%209999%207499.25%22%3E%3C%2Fsvg%3E\" loading=\"eager\"><\/span><span class=\"fg-image-overlay\"><\/span><\/a><\/figure><div class=\"fg-loader\"><\/div><\/div><div class=\"fg-item fg-type-image fg-idle\"><figure class=\"fg-item-inner\"><a href=\"https:\/\/innominandum.de\/wp-content\/uploads\/2021\/02\/IMG_0616-2015_09_02-14_20_14-UTC-1-scaled.jpg\" data-attachment-id=\"174\" rel=\"lightbox[187]\" data-type=\"image\" class=\"fg-thumb\"><span class=\"fg-image-wrap\"><img fetchpriority=\"high\" decoding=\"async\" width=\"9999\" height=\"13332\" class=\"skip-lazy fg-image\" data-src-fg=\"https:\/\/innominandum.de\/wp-content\/uploads\/2021\/02\/IMG_0616-2015_09_02-14_20_14-UTC-1-scaled.jpg\" src=\"data:image\/svg+xml,%3Csvg%20xmlns%3D%22http%3A%2F%2Fwww.w3.org%2F2000%2Fsvg%22%20width%3D%229999%22%20height%3D%2213332%22%20viewBox%3D%220%200%209999%2013332%22%3E%3C%2Fsvg%3E\" loading=\"eager\"><\/span><span class=\"fg-image-overlay\"><\/span><\/a><\/figure><div class=\"fg-loader\"><\/div><\/div><div class=\"fg-item fg-type-image fg-idle\"><figure class=\"fg-item-inner\"><a href=\"https:\/\/innominandum.de\/wp-content\/uploads\/2021\/02\/IMG-20210215-WA0004.jpg\" data-attachment-id=\"173\" rel=\"lightbox[187]\" data-type=\"image\" class=\"fg-thumb\"><span class=\"fg-image-wrap\"><img decoding=\"async\" width=\"9999\" height=\"17771.9452555\" class=\"skip-lazy fg-image\" data-src-fg=\"https:\/\/innominandum.de\/wp-content\/uploads\/2021\/02\/IMG-20210215-WA0004.jpg\" src=\"data:image\/svg+xml,%3Csvg%20xmlns%3D%22http%3A%2F%2Fwww.w3.org%2F2000%2Fsvg%22%20width%3D%229999%22%20height%3D%2217771.9452555%22%20viewBox%3D%220%200%209999%2017771.9452555%22%3E%3C%2Fsvg%3E\" loading=\"eager\"><\/span><span class=\"fg-image-overlay\"><\/span><\/a><\/figure><div class=\"fg-loader\"><\/div><\/div><div class=\"fg-item fg-type-image fg-idle\"><figure class=\"fg-item-inner\"><a href=\"https:\/\/innominandum.de\/wp-content\/uploads\/2021\/02\/IMG-20210215-WA0005.jpg\" data-attachment-id=\"172\" rel=\"lightbox[187]\" data-type=\"image\" class=\"fg-thumb\"><span class=\"fg-image-wrap\"><img decoding=\"async\" width=\"9999\" height=\"13332\" class=\"skip-lazy fg-image\" data-src-fg=\"https:\/\/innominandum.de\/wp-content\/uploads\/2021\/02\/IMG-20210215-WA0005.jpg\" src=\"data:image\/svg+xml,%3Csvg%20xmlns%3D%22http%3A%2F%2Fwww.w3.org%2F2000%2Fsvg%22%20width%3D%229999%22%20height%3D%2213332%22%20viewBox%3D%220%200%209999%2013332%22%3E%3C%2Fsvg%3E\" loading=\"eager\"><\/span><span class=\"fg-image-overlay\"><\/span><\/a><\/figure><div class=\"fg-loader\"><\/div><\/div><div class=\"fg-item fg-type-image fg-idle\"><figure class=\"fg-item-inner\"><a href=\"https:\/\/innominandum.de\/wp-content\/uploads\/2021\/02\/IMG-20210215-WA0008.jpg\" data-attachment-id=\"169\" rel=\"lightbox[187]\" data-type=\"image\" class=\"fg-thumb\"><span class=\"fg-image-wrap\"><img decoding=\"async\" width=\"9999\" height=\"13332\" class=\"skip-lazy fg-image\" data-src-fg=\"https:\/\/innominandum.de\/wp-content\/uploads\/2021\/02\/IMG-20210215-WA0008.jpg\" src=\"data:image\/svg+xml,%3Csvg%20xmlns%3D%22http%3A%2F%2Fwww.w3.org%2F2000%2Fsvg%22%20width%3D%229999%22%20height%3D%2213332%22%20viewBox%3D%220%200%209999%2013332%22%3E%3C%2Fsvg%3E\" loading=\"eager\"><\/span><span class=\"fg-image-overlay\"><\/span><\/a><\/figure><div class=\"fg-loader\"><\/div><\/div><div class=\"fg-item fg-type-image fg-idle\"><figure class=\"fg-item-inner\"><a href=\"https:\/\/innominandum.de\/wp-content\/uploads\/2021\/02\/IMG-20210215-WA0007.jpg\" data-attachment-id=\"170\" rel=\"lightbox[187]\" data-type=\"image\" class=\"fg-thumb\"><span class=\"fg-image-wrap\"><img decoding=\"async\" width=\"9999\" height=\"5634.20214844\" class=\"skip-lazy fg-image\" data-src-fg=\"https:\/\/innominandum.de\/wp-content\/uploads\/2021\/02\/IMG-20210215-WA0007.jpg\" src=\"data:image\/svg+xml,%3Csvg%20xmlns%3D%22http%3A%2F%2Fwww.w3.org%2F2000%2Fsvg%22%20width%3D%229999%22%20height%3D%225634.20214844%22%20viewBox%3D%220%200%209999%205634.20214844%22%3E%3C%2Fsvg%3E\" loading=\"eager\"><\/span><span class=\"fg-image-overlay\"><\/span><\/a><\/figure><div class=\"fg-loader\"><\/div><\/div><div class=\"fg-item fg-type-image fg-idle\"><figure class=\"fg-item-inner\"><a href=\"https:\/\/innominandum.de\/wp-content\/uploads\/2021\/02\/IMG-20210215-WA0009.jpg\" data-attachment-id=\"168\" rel=\"lightbox[187]\" data-type=\"image\" class=\"fg-thumb\"><span class=\"fg-image-wrap\"><img decoding=\"async\" width=\"9999\" height=\"7499.25\" class=\"skip-lazy fg-image\" data-src-fg=\"https:\/\/innominandum.de\/wp-content\/uploads\/2021\/02\/IMG-20210215-WA0009.jpg\" src=\"data:image\/svg+xml,%3Csvg%20xmlns%3D%22http%3A%2F%2Fwww.w3.org%2F2000%2Fsvg%22%20width%3D%229999%22%20height%3D%227499.25%22%20viewBox%3D%220%200%209999%207499.25%22%3E%3C%2Fsvg%3E\" loading=\"eager\"><\/span><span class=\"fg-image-overlay\"><\/span><\/a><\/figure><div class=\"fg-loader\"><\/div><\/div><div class=\"fg-item fg-type-image fg-idle\"><figure class=\"fg-item-inner\"><a href=\"https:\/\/innominandum.de\/wp-content\/uploads\/2021\/02\/P1000543-2015_09_02-14_20_14-UTC-scaled.jpg\" data-attachment-id=\"159\" rel=\"lightbox[187]\" data-type=\"image\" class=\"fg-thumb\"><span class=\"fg-image-wrap\"><img decoding=\"async\" width=\"9999\" height=\"6679.01953125\" class=\"skip-lazy fg-image\" data-src-fg=\"https:\/\/innominandum.de\/wp-content\/uploads\/2021\/02\/P1000543-2015_09_02-14_20_14-UTC-scaled.jpg\" src=\"data:image\/svg+xml,%3Csvg%20xmlns%3D%22http%3A%2F%2Fwww.w3.org%2F2000%2Fsvg%22%20width%3D%229999%22%20height%3D%226679.01953125%22%20viewBox%3D%220%200%209999%206679.01953125%22%3E%3C%2Fsvg%3E\" loading=\"eager\"><\/span><span class=\"fg-image-overlay\"><\/span><\/a><\/figure><div class=\"fg-loader\"><\/div><\/div><div class=\"fg-item fg-type-image fg-idle\"><figure class=\"fg-item-inner\"><a href=\"https:\/\/innominandum.de\/wp-content\/uploads\/2021\/02\/IMG-20210217-WA0009.jpg\" data-attachment-id=\"303\" rel=\"lightbox[187]\" data-type=\"image\" class=\"fg-thumb\"><span class=\"fg-image-wrap\"><img decoding=\"async\" width=\"9999\" height=\"13965.0837989\" class=\"skip-lazy fg-image\" data-src-fg=\"https:\/\/innominandum.de\/wp-content\/uploads\/2021\/02\/IMG-20210217-WA0009.jpg\" src=\"data:image\/svg+xml,%3Csvg%20xmlns%3D%22http%3A%2F%2Fwww.w3.org%2F2000%2Fsvg%22%20width%3D%229999%22%20height%3D%2213965.0837989%22%20viewBox%3D%220%200%209999%2013965.0837989%22%3E%3C%2Fsvg%3E\" loading=\"eager\"><\/span><span class=\"fg-image-overlay\"><\/span><\/a><\/figure><div class=\"fg-loader\"><\/div><\/div><div class=\"fg-item fg-type-image fg-idle\"><figure class=\"fg-item-inner\"><a href=\"https:\/\/innominandum.de\/wp-content\/uploads\/2021\/02\/IMG-20210217-WA0007.jpg\" data-attachment-id=\"304\" rel=\"lightbox[187]\" data-type=\"image\" class=\"fg-thumb\"><span class=\"fg-image-wrap\"><img decoding=\"async\" width=\"9999\" height=\"17745.1923744\" class=\"skip-lazy fg-image\" data-src-fg=\"https:\/\/innominandum.de\/wp-content\/uploads\/2021\/02\/IMG-20210217-WA0007.jpg\" src=\"data:image\/svg+xml,%3Csvg%20xmlns%3D%22http%3A%2F%2Fwww.w3.org%2F2000%2Fsvg%22%20width%3D%229999%22%20height%3D%2217745.1923744%22%20viewBox%3D%220%200%209999%2017745.1923744%22%3E%3C%2Fsvg%3E\" loading=\"eager\"><\/span><span class=\"fg-image-overlay\"><\/span><\/a><\/figure><div class=\"fg-loader\"><\/div><\/div><div class=\"fg-item fg-type-image fg-idle\"><figure class=\"fg-item-inner\"><a href=\"https:\/\/innominandum.de\/wp-content\/uploads\/2021\/02\/IMG-20210217-WA0005.jpg\" data-attachment-id=\"305\" rel=\"lightbox[187]\" data-type=\"image\" class=\"fg-thumb\"><span class=\"fg-image-wrap\"><img decoding=\"async\" width=\"9999\" height=\"7499.25\" class=\"skip-lazy fg-image\" data-src-fg=\"https:\/\/innominandum.de\/wp-content\/uploads\/2021\/02\/IMG-20210217-WA0005.jpg\" src=\"data:image\/svg+xml,%3Csvg%20xmlns%3D%22http%3A%2F%2Fwww.w3.org%2F2000%2Fsvg%22%20width%3D%229999%22%20height%3D%227499.25%22%20viewBox%3D%220%200%209999%207499.25%22%3E%3C%2Fsvg%3E\" loading=\"eager\"><\/span><span class=\"fg-image-overlay\"><\/span><\/a><\/figure><div class=\"fg-loader\"><\/div><\/div><div class=\"fg-item fg-type-image fg-idle\"><figure class=\"fg-item-inner\"><a href=\"https:\/\/innominandum.de\/wp-content\/uploads\/2021\/02\/IMG-20210217-WA0006.jpg\" data-attachment-id=\"306\" rel=\"lightbox[187]\" data-type=\"image\" class=\"fg-thumb\"><span class=\"fg-image-wrap\"><img decoding=\"async\" width=\"9999\" height=\"8729.59570312\" class=\"skip-lazy fg-image\" data-src-fg=\"https:\/\/innominandum.de\/wp-content\/uploads\/2021\/02\/IMG-20210217-WA0006.jpg\" src=\"data:image\/svg+xml,%3Csvg%20xmlns%3D%22http%3A%2F%2Fwww.w3.org%2F2000%2Fsvg%22%20width%3D%229999%22%20height%3D%228729.59570312%22%20viewBox%3D%220%200%209999%208729.59570312%22%3E%3C%2Fsvg%3E\" loading=\"eager\"><\/span><span class=\"fg-image-overlay\"><\/span><\/a><\/figure><div class=\"fg-loader\"><\/div><\/div><div class=\"fg-item fg-type-image fg-idle\"><figure class=\"fg-item-inner\"><a href=\"https:\/\/innominandum.de\/wp-content\/uploads\/2021\/02\/IMG-20210217-WA0003.jpg\" data-attachment-id=\"298\" rel=\"lightbox[187]\" data-type=\"image\" class=\"fg-thumb\"><span class=\"fg-image-wrap\"><img decoding=\"async\" width=\"9999\" height=\"7509.01464844\" class=\"skip-lazy fg-image\" data-src-fg=\"https:\/\/innominandum.de\/wp-content\/uploads\/2021\/02\/IMG-20210217-WA0003.jpg\" src=\"data:image\/svg+xml,%3Csvg%20xmlns%3D%22http%3A%2F%2Fwww.w3.org%2F2000%2Fsvg%22%20width%3D%229999%22%20height%3D%227509.01464844%22%20viewBox%3D%220%200%209999%207509.01464844%22%3E%3C%2Fsvg%3E\" loading=\"eager\"><\/span><span class=\"fg-image-overlay\"><\/span><\/a><\/figure><div class=\"fg-loader\"><\/div><\/div><div class=\"fg-item fg-type-image fg-idle\"><figure class=\"fg-item-inner\"><a href=\"https:\/\/innominandum.de\/wp-content\/uploads\/2021\/02\/IMG-20210215-WA0014.jpg\" data-attachment-id=\"185\" rel=\"lightbox[187]\" data-type=\"image\" class=\"fg-thumb\"><span class=\"fg-image-wrap\"><img decoding=\"async\" width=\"9999\" height=\"13309.8169717\" class=\"skip-lazy fg-image\" data-src-fg=\"https:\/\/innominandum.de\/wp-content\/uploads\/2021\/02\/IMG-20210215-WA0014.jpg\" src=\"data:image\/svg+xml,%3Csvg%20xmlns%3D%22http%3A%2F%2Fwww.w3.org%2F2000%2Fsvg%22%20width%3D%229999%22%20height%3D%2213309.8169717%22%20viewBox%3D%220%200%209999%2013309.8169717%22%3E%3C%2Fsvg%3E\" loading=\"eager\"><\/span><span class=\"fg-image-overlay\"><\/span><\/a><\/figure><div class=\"fg-loader\"><\/div><\/div><div class=\"fg-item fg-type-image fg-idle\"><figure class=\"fg-item-inner\"><a href=\"https:\/\/innominandum.de\/wp-content\/uploads\/2021\/02\/IMG-20210217-WA0010.jpg\" data-attachment-id=\"301\" rel=\"lightbox[187]\" data-type=\"image\" class=\"fg-thumb\"><span class=\"fg-image-wrap\"><img decoding=\"async\" width=\"9999\" height=\"16768.3959854\" class=\"skip-lazy fg-image\" data-src-fg=\"https:\/\/innominandum.de\/wp-content\/uploads\/2021\/02\/IMG-20210217-WA0010.jpg\" src=\"data:image\/svg+xml,%3Csvg%20xmlns%3D%22http%3A%2F%2Fwww.w3.org%2F2000%2Fsvg%22%20width%3D%229999%22%20height%3D%2216768.3959854%22%20viewBox%3D%220%200%209999%2016768.3959854%22%3E%3C%2Fsvg%3E\" loading=\"eager\"><\/span><span class=\"fg-image-overlay\"><\/span><\/a><\/figure><div class=\"fg-loader\"><\/div><\/div>    <\/div>\n<\/div>\n\n\n\n\n<p>(Click the pic to open gallery)<\/p>\n","protected":false},"excerpt":{"rendered":"<p>&#8230;are back in town! Kompromissloser, rotziger und schmutziger Action- Rock, so wie es sein soll und worauf Ihr immer gewartet habt. Ob [&hellip;]<\/p>\n","protected":false},"author":1,"featured_media":0,"parent":0,"menu_order":0,"comment_status":"closed","ping_status":"open","template":"","meta":{"footnotes":""},"class_list":["post-2","page","type-page","status-publish","hentry"],"_links":{"self":[{"href":"https:\/\/innominandum.de\/index.php\/wp-json\/wp\/v2\/pages\/2","targetHints":{"allow":["GET"]}}],"collection":[{"href":"https:\/\/innominandum.de\/index.php\/wp-json\/wp\/v2\/pages"}],"about":[{"href":"https:\/\/innominandum.de\/index.php\/wp-json\/wp\/v2\/types\/page"}],"author":[{"embeddable":true,"href":"https:\/\/innominandum.de\/index.php\/wp-json\/wp\/v2\/users\/1"}],"replies":[{"embeddable":true,"href":"https:\/\/innominandum.de\/index.php\/wp-json\/wp\/v2\/comments?post=2"}],"version-history":[{"count":19,"href":"https:\/\/innominandum.de\/index.php\/wp-json\/wp\/v2\/pages\/2\/revisions"}],"predecessor-version":[{"id":333,"href":"https:\/\/innominandum.de\/index.php\/wp-json\/wp\/v2\/pages\/2\/revisions\/333"}],"wp:attachment":[{"href":"https:\/\/innominandum.de\/index.php\/wp-json\/wp\/v2\/media?parent=2"}],"curies":[{"name":"wp","href":"https:\/\/api.w.org\/{rel}","templated":true}]}}